{"id":11267,"date":"2021-11-24T06:41:24","date_gmt":"2021-11-24T06:41:24","guid":{"rendered":"https:\/\/manimo.si\/automotive-industry\/"},"modified":"2025-11-06T17:59:44","modified_gmt":"2025-11-06T17:59:44","slug":"automotive-industry","status":"publish","type":"page","link":"https:\/\/manimo.si\/en\/manufacturing-expanded-polyethylene-foam-protection\/automotive-industry\/","title":{"rendered":"Automotive Industry"},"content":{"rendered":"<p>[vc_row full_width=&#8221;stretch_row_content_no_spaces&#8221; kd_background_image_position=&#8221;vc_row-bg-position-top&#8221; css=&#8221;.vc_custom_1651150637146{margin-top: 30px !important;padding-top: 80px !important;padding-bottom: 100px !important;background-color: #ededed !important;}&#8221;][vc_column]\r\n        <style>\r\n        \t.unique-carousel-308 .owl-next, .unique-carousel-308 .owl-prev{\r\n        \t\tbackground:   !important;\r\n        \t\tcolor:  !important;\r\n        \t}\r\n\r\n        \t.unique-carousel-308.owl-theme .owl-dots .owl-dot.active span, .unique-carousel-308.owl-theme .owl-dots .owl-dot:hover span{\r\n        \t\tbackground:  !important;\r\n        \t}\r\n\r\n        \t.owl-next, .owl-prev{\r\n        \t\ttop: 40%;\r\n        \t}\r\n        <\/style>\r\n        <div class=\"wdo-carosuel-container unique-carousel-308 owl-carousel owl-theme\">\r\n        \t\t\t\t\r\n\t\t<div class=\"item\">\r\n\t\t\t[vc_single_image image=&#8221;11279&#8243; img_size=&#8221;220&#215;120&#8243; alignment=&#8221;center&#8221; onclick=&#8221;img_link_large&#8221; img_link_target=&#8221;_blank&#8221;]\t\t<\/div>\r\n\r\n\t\t\t\t\t\r\n\t\t<div class=\"item\">\r\n\t\t\t[vc_single_image image=&#8221;11278&#8243; img_size=&#8221;220&#215;120&#8243; alignment=&#8221;center&#8221; onclick=&#8221;img_link_large&#8221; img_link_target=&#8221;_blank&#8221;]\t\t<\/div>\r\n\r\n\t\t\t\t\t\r\n\t\t<div class=\"item\">\r\n\t\t\t[vc_single_image image=&#8221;11277&#8243; img_size=&#8221;220&#215;120&#8243; alignment=&#8221;center&#8221; onclick=&#8221;img_link_large&#8221; img_link_target=&#8221;_blank&#8221;]\t\t<\/div>\r\n\r\n\t\t\t\t\t\r\n\t\t<div class=\"item\">\r\n\t\t\t[vc_single_image image=&#8221;11276&#8243; img_size=&#8221;220&#215;120&#8243; alignment=&#8221;center&#8221; onclick=&#8221;img_link_large&#8221; img_link_target=&#8221;_blank&#8221;]\t\t<\/div>\r\n\r\n\t\t\t\t\t\r\n\t\t<div class=\"item\">\r\n\t\t\t[vc_single_image image=&#8221;11275&#8243; img_size=&#8221;220&#215;120&#8243; alignment=&#8221;center&#8221; onclick=&#8221;img_link_large&#8221; img_link_target=&#8221;_blank&#8221;]\t\t<\/div>\r\n\r\n\t\t\t\t\t\r\n\t\t<div class=\"item\">\r\n\t\t\t[vc_single_image image=&#8221;11274&#8243; img_size=&#8221;220&#215;120&#8243; alignment=&#8221;center&#8221; onclick=&#8221;img_link_large&#8221; img_link_target=&#8221;_blank&#8221;]\t\t<\/div>\r\n\r\n\t\t\t\t\t\r\n\t\t<div class=\"item\">\r\n\t\t\t[vc_single_image image=&#8221;11273&#8243; img_size=&#8221;220&#215;120&#8243; alignment=&#8221;center&#8221; onclick=&#8221;img_link_large&#8221; img_link_target=&#8221;_blank&#8221;]\t\t<\/div>\r\n\r\n\t\t\t\t\t\r\n\t\t<div class=\"item\">\r\n\t\t\t[vc_single_image image=&#8221;11272&#8243; img_size=&#8221;220&#215;120&#8243; alignment=&#8221;center&#8221; onclick=&#8221;img_link_large&#8221; img_link_target=&#8221;_blank&#8221;]\t\t<\/div>\r\n\r\n\t\t\t\t\t\r\n\t\t<div class=\"item\">\r\n\t\t\t[vc_single_image image=&#8221;11271&#8243; img_size=&#8221;220&#215;120&#8243; alignment=&#8221;center&#8221; onclick=&#8221;img_link_large&#8221; img_link_target=&#8221;_blank&#8221;]\t\t<\/div>\r\n\r\n\t\t\t\t\t\r\n\t\t<div class=\"item\">\r\n\t\t\t[vc_single_image image=&#8221;11270&#8243; img_size=&#8221;220&#215;120&#8243; alignment=&#8221;center&#8221; onclick=&#8221;img_link_large&#8221; img_link_target=&#8221;_blank&#8221;]\t\t<\/div>\r\n\r\n\t\t\t\t\t\r\n\t\t<div class=\"item\">\r\n\t\t\t[vc_single_image image=&#8221;11268&#8243; img_size=&#8221;220&#215;120&#8243; alignment=&#8221;center&#8221; onclick=&#8221;img_link_large&#8221; img_link_target=&#8221;_blank&#8221;]\t\t<\/div>\r\n\r\n\t\t\t\t\t\r\n\t\t<div class=\"item\">\r\n\t\t\t[vc_single_image image=&#8221;11280&#8243; img_size=&#8221;220&#215;120&#8243; alignment=&#8221;center&#8221; onclick=&#8221;img_link_large&#8221; img_link_target=&#8221;_blank&#8221;]\t\t<\/div>\r\n\r\n\t\t\t\t\t\r\n\t\t<div class=\"item\">\r\n\t\t\t[vc_single_image image=&#8221;11281&#8243; img_size=&#8221;220&#215;120&#8243; alignment=&#8221;center&#8221; onclick=&#8221;img_link_large&#8221; img_link_target=&#8221;_blank&#8221;]\t\t<\/div>\r\n\r\n\t\t        <\/div>\r\n        <script type=\"text\/javascript\">\r\n        \tjQuery(document).ready(function ($) {\r\n        \t\t$('.unique-carousel-308').owlCarousel({\r\n        \t\t    margin:10,\r\n        \t\t    touchDrag:true,\r\n        \t\t    mouseDrag:true,\r\n        \t\t    animateIn: \"no-animation\",\r\n        \t\t    animateOut: \"no-animation\",\r\n        \t\t    video:true,\r\n        \t\t    videoWidth:true,\r\n        \t\t    videoHeight:300,\r\n        \t\t    loop:true,\r\n        \t\t    slideBy:1,\r\n        \t\t    autoplay:true, \r\n        \t\t    nav:false,\r\n        \t\t    dots:false,\r\n        \t\t    navText:[\"<div class='nav-btn prev-slide'><\/div>\",\"<div class='nav-btn next-slide'><\/div>\"],\r\n        \t\t    responsive:{\r\n        \t\t        0:{\r\n        \t\t            items:1        \t\t        },\r\n        \t\t        600:{\r\n        \t\t            items:3        \t\t        },\r\n        \t\t        1000:{\r\n        \t\t            items:5        \t\t        }\r\n        \t\t    }\r\n        \t\t});\r\n        \t});\r\n        <\/script>\r\n\r\n        [\/vc_column][\/vc_row]<\/p>\n","protected":false},"excerpt":{"rendered":"<p>[vc_row full_width=&#8221;stretch_row_content_no_spaces&#8221; kd_background_image_position=&#8221;vc_row-bg-position-top&#8221; css=&#8221;.vc_custom_1651150637146{margin-top: 30px !important;padding-top: 80px !important;padding-bottom: 100px !important;background-color: #ededed !important;}&#8221;][vc_column][\/vc_column][\/vc_row]<\/p>\n","protected":false},"author":1,"featured_media":0,"parent":11928,"menu_order":0,"comment_status":"closed","ping_status":"closed","template":"","meta":{"footnotes":""},"class_list":["post-11267","page","type-page","status-publish","hentry"],"yoast_head":"<!-- This site is optimized with the Yoast SEO plugin v26.8 - https:\/\/yoast.com\/product\/yoast-seo-wordpress\/ -->\n<title>Automotive Industry - Manimo<\/title>\n<meta name=\"robots\" content=\"index, follow, max-snippet:-1, max-image-preview:large, max-video-preview:-1\" \/>\n<link rel=\"canonical\" href=\"https:\/\/manimo.si\/en\/manufacturing-expanded-polyethylene-foam-protection\/automotive-industry\/\" \/>\n<meta property=\"og:locale\" content=\"en_US\" \/>\n<meta property=\"og:type\" content=\"article\" \/>\n<meta property=\"og:title\" content=\"Automotive Industry - Manimo\" \/>\n<meta property=\"og:description\" content=\"[vc_row full_width=&#8221;stretch_row_content_no_spaces&#8221; kd_background_image_position=&#8221;vc_row-bg-position-top&#8221; css=&#8221;.vc_custom_1651150637146{margin-top: 30px !important;padding-top: 80px !important;padding-bottom: 100px !important;background-color: #ededed !important;}&#8221;][vc_column][\/vc_column][\/vc_row]\" \/>\n<meta property=\"og:url\" content=\"https:\/\/manimo.si\/en\/manufacturing-expanded-polyethylene-foam-protection\/automotive-industry\/\" \/>\n<meta property=\"og:site_name\" content=\"Manimo\" \/>\n<meta property=\"article:modified_time\" content=\"2025-11-06T17:59:44+00:00\" \/>\n<meta name=\"twitter:card\" content=\"summary_large_image\" \/>\n<meta name=\"twitter:label1\" content=\"Est. reading time\" \/>\n\t<meta name=\"twitter:data1\" content=\"2 minutes\" \/>\n<script type=\"application\/ld+json\" class=\"yoast-schema-graph\">{\"@context\":\"https:\/\/schema.org\",\"@graph\":[{\"@type\":\"WebPage\",\"@id\":\"https:\/\/manimo.si\/en\/manufacturing-expanded-polyethylene-foam-protection\/automotive-industry\/\",\"url\":\"https:\/\/manimo.si\/en\/manufacturing-expanded-polyethylene-foam-protection\/automotive-industry\/\",\"name\":\"Automotive Industry - Manimo\",\"isPartOf\":{\"@id\":\"https:\/\/manimo.si\/#website\"},\"datePublished\":\"2021-11-24T06:41:24+00:00\",\"dateModified\":\"2025-11-06T17:59:44+00:00\",\"breadcrumb\":{\"@id\":\"https:\/\/manimo.si\/en\/manufacturing-expanded-polyethylene-foam-protection\/automotive-industry\/#breadcrumb\"},\"inLanguage\":\"en-US\",\"potentialAction\":[{\"@type\":\"ReadAction\",\"target\":[\"https:\/\/manimo.si\/en\/manufacturing-expanded-polyethylene-foam-protection\/automotive-industry\/\"]}]},{\"@type\":\"BreadcrumbList\",\"@id\":\"https:\/\/manimo.si\/en\/manufacturing-expanded-polyethylene-foam-protection\/automotive-industry\/#breadcrumb\",\"itemListElement\":[{\"@type\":\"ListItem\",\"position\":1,\"name\":\"Home\",\"item\":\"https:\/\/manimo.si\/en\/\"},{\"@type\":\"ListItem\",\"position\":2,\"name\":\"Manufacturing \u2013 Expanded Polyethylene Foam Protection\",\"item\":\"https:\/\/manimo.si\/en\/manufacturing-expanded-polyethylene-foam-protection\/\"},{\"@type\":\"ListItem\",\"position\":3,\"name\":\"Automotive Industry\"}]},{\"@type\":\"WebSite\",\"@id\":\"https:\/\/manimo.si\/#website\",\"url\":\"https:\/\/manimo.si\/\",\"name\":\"Manimo\",\"description\":\"Ustrezna za\u0161\u010dita za va\u0161e izdelke\",\"publisher\":{\"@id\":\"https:\/\/manimo.si\/#organization\"},\"potentialAction\":[{\"@type\":\"SearchAction\",\"target\":{\"@type\":\"EntryPoint\",\"urlTemplate\":\"https:\/\/manimo.si\/?s={search_term_string}\"},\"query-input\":{\"@type\":\"PropertyValueSpecification\",\"valueRequired\":true,\"valueName\":\"search_term_string\"}}],\"inLanguage\":\"en-US\"},{\"@type\":\"Organization\",\"@id\":\"https:\/\/manimo.si\/#organization\",\"name\":\"Manimo d.o.o.\",\"url\":\"https:\/\/manimo.si\/\",\"logo\":{\"@type\":\"ImageObject\",\"inLanguage\":\"en-US\",\"@id\":\"https:\/\/manimo.si\/#\/schema\/logo\/image\/\",\"url\":\"https:\/\/manimo-pro.si\/wp-content\/uploads\/2021\/08\/logo-manimo.png\",\"contentUrl\":\"https:\/\/manimo-pro.si\/wp-content\/uploads\/2021\/08\/logo-manimo.png\",\"width\":250,\"height\":74,\"caption\":\"Manimo d.o.o.\"},\"image\":{\"@id\":\"https:\/\/manimo.si\/#\/schema\/logo\/image\/\"}}]}<\/script>\n<!-- \/ Yoast SEO plugin. -->","yoast_head_json":{"title":"Automotive Industry - Manimo","robots":{"index":"index","follow":"follow","max-snippet":"max-snippet:-1","max-image-preview":"max-image-preview:large","max-video-preview":"max-video-preview:-1"},"canonical":"https:\/\/manimo.si\/en\/manufacturing-expanded-polyethylene-foam-protection\/automotive-industry\/","og_locale":"en_US","og_type":"article","og_title":"Automotive Industry - Manimo","og_description":"[vc_row full_width=&#8221;stretch_row_content_no_spaces&#8221; kd_background_image_position=&#8221;vc_row-bg-position-top&#8221; css=&#8221;.vc_custom_1651150637146{margin-top: 30px !important;padding-top: 80px !important;padding-bottom: 100px !important;background-color: #ededed !important;}&#8221;][vc_column][\/vc_column][\/vc_row]","og_url":"https:\/\/manimo.si\/en\/manufacturing-expanded-polyethylene-foam-protection\/automotive-industry\/","og_site_name":"Manimo","article_modified_time":"2025-11-06T17:59:44+00:00","twitter_card":"summary_large_image","twitter_misc":{"Est. reading time":"2 minutes"},"schema":{"@context":"https:\/\/schema.org","@graph":[{"@type":"WebPage","@id":"https:\/\/manimo.si\/en\/manufacturing-expanded-polyethylene-foam-protection\/automotive-industry\/","url":"https:\/\/manimo.si\/en\/manufacturing-expanded-polyethylene-foam-protection\/automotive-industry\/","name":"Automotive Industry - Manimo","isPartOf":{"@id":"https:\/\/manimo.si\/#website"},"datePublished":"2021-11-24T06:41:24+00:00","dateModified":"2025-11-06T17:59:44+00:00","breadcrumb":{"@id":"https:\/\/manimo.si\/en\/manufacturing-expanded-polyethylene-foam-protection\/automotive-industry\/#breadcrumb"},"inLanguage":"en-US","potentialAction":[{"@type":"ReadAction","target":["https:\/\/manimo.si\/en\/manufacturing-expanded-polyethylene-foam-protection\/automotive-industry\/"]}]},{"@type":"BreadcrumbList","@id":"https:\/\/manimo.si\/en\/manufacturing-expanded-polyethylene-foam-protection\/automotive-industry\/#breadcrumb","itemListElement":[{"@type":"ListItem","position":1,"name":"Home","item":"https:\/\/manimo.si\/en\/"},{"@type":"ListItem","position":2,"name":"Manufacturing \u2013 Expanded Polyethylene Foam Protection","item":"https:\/\/manimo.si\/en\/manufacturing-expanded-polyethylene-foam-protection\/"},{"@type":"ListItem","position":3,"name":"Automotive Industry"}]},{"@type":"WebSite","@id":"https:\/\/manimo.si\/#website","url":"https:\/\/manimo.si\/","name":"Manimo","description":"Ustrezna za\u0161\u010dita za va\u0161e izdelke","publisher":{"@id":"https:\/\/manimo.si\/#organization"},"potentialAction":[{"@type":"SearchAction","target":{"@type":"EntryPoint","urlTemplate":"https:\/\/manimo.si\/?s={search_term_string}"},"query-input":{"@type":"PropertyValueSpecification","valueRequired":true,"valueName":"search_term_string"}}],"inLanguage":"en-US"},{"@type":"Organization","@id":"https:\/\/manimo.si\/#organization","name":"Manimo d.o.o.","url":"https:\/\/manimo.si\/","logo":{"@type":"ImageObject","inLanguage":"en-US","@id":"https:\/\/manimo.si\/#\/schema\/logo\/image\/","url":"https:\/\/manimo-pro.si\/wp-content\/uploads\/2021\/08\/logo-manimo.png","contentUrl":"https:\/\/manimo-pro.si\/wp-content\/uploads\/2021\/08\/logo-manimo.png","width":250,"height":74,"caption":"Manimo d.o.o."},"image":{"@id":"https:\/\/manimo.si\/#\/schema\/logo\/image\/"}}]}},"jetpack_sharing_enabled":true,"_links":{"self":[{"href":"https:\/\/manimo.si\/en\/wp-json\/wp\/v2\/pages\/11267","targetHints":{"allow":["GET"]}}],"collection":[{"href":"https:\/\/manimo.si\/en\/wp-json\/wp\/v2\/pages"}],"about":[{"href":"https:\/\/manimo.si\/en\/wp-json\/wp\/v2\/types\/page"}],"author":[{"embeddable":true,"href":"https:\/\/manimo.si\/en\/wp-json\/wp\/v2\/users\/1"}],"replies":[{"embeddable":true,"href":"https:\/\/manimo.si\/en\/wp-json\/wp\/v2\/comments?post=11267"}],"version-history":[{"count":3,"href":"https:\/\/manimo.si\/en\/wp-json\/wp\/v2\/pages\/11267\/revisions"}],"predecessor-version":[{"id":11307,"href":"https:\/\/manimo.si\/en\/wp-json\/wp\/v2\/pages\/11267\/revisions\/11307"}],"up":[{"embeddable":true,"href":"https:\/\/manimo.si\/en\/wp-json\/wp\/v2\/pages\/11928"}],"wp:attachment":[{"href":"https:\/\/manimo.si\/en\/wp-json\/wp\/v2\/media?parent=11267"}],"curies":[{"name":"wp","href":"https:\/\/api.w.org\/{rel}","templated":true}]}}