{"id":11299,"date":"2021-09-12T06:15:36","date_gmt":"2021-09-12T06:15:36","guid":{"rendered":"https:\/\/manimo.si\/reservation\/"},"modified":"2025-11-06T17:57:29","modified_gmt":"2025-11-06T17:57:29","slug":"reservation","status":"publish","type":"page","link":"https:\/\/manimo.si\/en\/reservation\/","title":{"rendered":"Reservation"},"content":{"rendered":"<div class=\"latepoint-w latepoint-shortcode-booking-form latepoint-with-summary \"><div class=\"latepoint-booking-form-element current-step-services hidden-buttons latepoint-color-blue latepoint-border-radius-rounded \">\n  <div class=\"latepoint-side-panel\">\n        <div class=\"latepoint-progress\">\n      <ul>\n                  <li data-step-name=\"services\" class=\" active \">\n            <div class=\"progress-item\"><span> Izberi storitev<\/span><\/div>\n          <\/li>\n                  <li data-step-name=\"agents\" class=\"\">\n            <div class=\"progress-item\"><span> Izberite stroj<\/span><\/div>\n          <\/li>\n                  <li data-step-name=\"datepicker\" class=\"\">\n            <div class=\"progress-item\"><span> Izverite datum in \u010das<\/span><\/div>\n          <\/li>\n                  <li data-step-name=\"contact\" class=\"\">\n            <div class=\"progress-item\"><span> Va\u0161i podatki<\/span><\/div>\n          <\/li>\n                  <li data-step-name=\"verify\" class=\"\">\n            <div class=\"progress-item\"><span> Pregled rezervacije<\/span><\/div>\n          <\/li>\n                  <li data-step-name=\"confirmation\" class=\"\">\n            <div class=\"progress-item\"><span> Kon\u010dano<\/span><\/div>\n          <\/li>\n              <\/ul>\n    <\/div>\n        <div class=\"latepoint-step-desc-w\">\n      <div class=\"latepoint-step-desc\">\n                  <div class=\"latepoint-desc-media img-w\" style=\"background-image: url(https:\/\/manimo.si\/wp-content\/plugins\/latepoint\/public\/images\/steps\/colors\/blue\/services.png)\"><\/div>\n                <h3 class=\"latepoint-desc-title\">Izberi storitev<\/h3>\n        <div class=\"latepoint-desc-content\">Prosim izberite storitve za katero boste izvedli rezervacijo<\/div>\n      <\/div>\n              <div data-step-name=\"services\" class=\"latepoint-step-desc-library  active \">\n                      <div class=\"latepoint-desc-media img-w\" style=\"background-image: url(https:\/\/manimo.si\/wp-content\/plugins\/latepoint\/public\/images\/steps\/colors\/blue\/services.png)\"><\/div>\n                    <h3 class=\"latepoint-desc-title\">Izberi storitev<\/h3>\n          <div class=\"latepoint-desc-content\">Prosim izberite storitve za katero boste izvedli rezervacijo<\/div>\n        <\/div>\n              <div data-step-name=\"agents\" class=\"latepoint-step-desc-library \">\n                      <div class=\"latepoint-desc-media img-w\" style=\"background-image: url(https:\/\/manimo.si\/wp-content\/plugins\/latepoint\/public\/images\/steps\/colors\/blue\/agents.png)\"><\/div>\n                    <h3 class=\"latepoint-desc-title\">Izberite stroj<\/h3>\n          <div class=\"latepoint-desc-content\">Iz na\u0161e ponudbe lahko izberete za vas najbolj primeren stroj<\/div>\n        <\/div>\n              <div data-step-name=\"datepicker\" class=\"latepoint-step-desc-library \">\n                      <div class=\"latepoint-desc-media img-w\" style=\"background-image: url(https:\/\/manimo.si\/wp-content\/plugins\/latepoint\/public\/images\/steps\/colors\/blue\/datepicker.png)\"><\/div>\n                    <h3 class=\"latepoint-desc-title\">Izverite datum in \u010das<\/h3>\n          <div class=\"latepoint-desc-content\">Izberite datum, ki vam ustreza in preverite razpolo\u017eljive termine. Razpolo\u017eljivi termini so obarvani zeleno, s klikom nanj opravite rezervacijo.<\/div>\n        <\/div>\n              <div data-step-name=\"contact\" class=\"latepoint-step-desc-library \">\n                      <div class=\"latepoint-desc-media img-w\" style=\"background-image: url(https:\/\/manimo.si\/wp-content\/plugins\/latepoint\/public\/images\/steps\/colors\/blue\/contact.png)\"><\/div>\n                    <h3 class=\"latepoint-desc-title\">Va\u0161i podatki<\/h3>\n          <div class=\"latepoint-desc-content\">S klikom na gumb NASLEDNJI KORAK se strinajte tudi s pogoji GDPR direktive navedene v <a href=\"http:\/\/manimo-pro.si\/pogoji-poslovanja\/\">Pogoji poslovanja<\/a>\r\n<\/div>\n        <\/div>\n              <div data-step-name=\"verify\" class=\"latepoint-step-desc-library \">\n                      <div class=\"latepoint-desc-media img-w\" style=\"background-image: url(https:\/\/manimo.si\/wp-content\/plugins\/latepoint\/public\/images\/steps\/colors\/blue\/verify.png)\"><\/div>\n                    <h3 class=\"latepoint-desc-title\">Pregled rezervacije<\/h3>\n          <div class=\"latepoint-desc-content\">Ponovno preglejte ali so vsi podatki pravilno vne\u0161eni<\/div>\n        <\/div>\n              <div data-step-name=\"confirmation\" class=\"latepoint-step-desc-library \">\n                      <div class=\"latepoint-desc-media img-w\" style=\"background-image: url(https:\/\/manimo.si\/wp-content\/plugins\/latepoint\/public\/images\/steps\/colors\/blue\/confirmation.png)\"><\/div>\n                    <h3 class=\"latepoint-desc-title\">Kon\u010dano<\/h3>\n          <div class=\"latepoint-desc-content\">Va\u0161a rezervacija je zabele\u017eena in potrjena. <\/div>\n        <\/div>\n          <\/div>\n    <div class=\"latepoint-questions\"><h5>Imate vpra\u0161anje?<\/h5>\r\nZa pomo\u010d pokli\u010dite na\r\n<a href=\"http:\/\/+386 (0)40 205 670\">+386 (0)40 205 670<\/a><\/div>\n      <\/div>\n  <div class=\"latepoint-form-w\">\n    <form class=\"latepoint-form\" \n      data-selected-label=\"Selected\" \n      data-route-name=\"steps__get_step\" \n      action=\"#\">\n      <div class=\"latepoint-heading-w\">\n        <h3 class=\"os-heading-text\">Na\u0161e storitve<\/h3>\n                  <div data-step-name=\"services\" class=\"os-heading-text-library  active \">Na\u0161e storitve<\/div>\n                  <div data-step-name=\"agents\" class=\"os-heading-text-library \">Na\u0161a ponudba<\/div>\n                  <div data-step-name=\"datepicker\" class=\"os-heading-text-library \">Datum in \u010das<\/div>\n                  <div data-step-name=\"contact\" class=\"os-heading-text-library \">Informacije naro\u010dnika: <\/div>\n                  <div data-step-name=\"verify\" class=\"os-heading-text-library \">Potrdite rezervacijo<\/div>\n                  <div data-step-name=\"confirmation\" class=\"os-heading-text-library \">Rezervacija opravljena<\/div>\n                <a href=\"#\" class=\"latepoint-lightbox-close\"><i class=\"latepoint-icon-common-01\"><\/i><\/a>\n      <\/div>\n      <div class=\"latepoint-body\">\n                <div class=\"step-services-w latepoint-step-content \" data-step-name=\"services\"  data-clear-action=\"clear_step_services\">\n  <div class=\"latepoint-step-content-text-centered\">\n    <h4>Select Service Duration<\/h4>\n    <div>You need to select service duration, the price of your service will depend on duration.<\/div>\n  <\/div>\n  <div class=\"select-total-attendies-w style-centered\">\n    <div class=\"select-total-attendies-label\">\n      <h4>How Many People?<\/h4>\n      <div class=\"sta-sub-label\">Maximum capacity is <span>1<\/span><\/div>\n    <\/div>\n    <div class=\"total-attendies-selector-w\" data-min-capacity=\"1\" data-max-capacity=\"1\">\n      <div class=\"total-attendies-selector total-attendies-selector-minus\"><i class=\"latepoint-icon latepoint-icon-minus\"><\/i><\/div>\n      <input type=\"text\" name=\"booking[total_attendies]\" class=\"total-attendies-selector-input latepoint_total_attendies\" value=\"1\" placeholder=\"Qty\">\n      <div class=\"total-attendies-selector total-attendies-selector-plus\"><i class=\"latepoint-icon latepoint-icon-plus\"><\/i><\/div>\n    <\/div>\n  <\/div>\n        <div class=\"os-services os-animated-parent os-items os-as-rows os-selectable-items\">\n                  <div class=\"os-animated-child os-item os-selectable-item  os-priced-item  \"\n              data-item-price=\"50.00\"\n              data-priced-item-type=\"service\"\n              data-summary-field-name=\"service\" \n              data-summary-value=\"Najem stroja \/ dan\" \n              data-item-id=\"1\"\n              data-min-capacity=\"1\" \n              data-max-capacity=\"1\" \n              data-activate-sub-step=\"\"\n              data-id-holder=\".latepoint_service_id\" >\n            <div class=\"os-service-selector os-item-i os-animated-self\" \n              data-min-capacity=\"1\" \n              data-max-capacity=\"1\" \n              data-service-id=\"1\">\n                              <span class=\"os-item-img-w\" style=\"background-image: url(https:\/\/manimo.si\/wp-content\/uploads\/2021\/09\/BIFORIS_small-768x858-1-150x150.jpeg);\"><\/span>\n                            <span class=\"os-item-name-w\">\n                <span class=\"os-item-name\">Najem stroja \/ dan<\/span>\n                              <\/span>\n                              <span class=\"os-item-price-w\">\n                  <span class=\"os-item-price\">\n                    EUR 50                  <\/span>\n                                  <\/span>\n                          <\/div>\n                      <\/div>\n                  <div class=\"os-animated-child os-item os-selectable-item  os-priced-item  \"\n              data-item-price=\"80.00\"\n              data-priced-item-type=\"service\"\n              data-summary-field-name=\"service\" \n              data-summary-value=\"Servis stroja\" \n              data-item-id=\"3\"\n              data-min-capacity=\"1\" \n              data-max-capacity=\"1\" \n              data-activate-sub-step=\"\"\n              data-id-holder=\".latepoint_service_id\" >\n            <div class=\"os-service-selector os-item-i os-animated-self\" \n              data-min-capacity=\"1\" \n              data-max-capacity=\"1\" \n              data-service-id=\"3\">\n                              <span class=\"os-item-img-w\" style=\"background-image: url(https:\/\/manimo.si\/wp-content\/uploads\/2021\/09\/EVOLVO_small-150x150.jpeg);\"><\/span>\n                            <span class=\"os-item-name-w\">\n                <span class=\"os-item-name\">Servis stroja<\/span>\n                              <\/span>\n                              <span class=\"os-item-price-w\">\n                  <span class=\"os-item-price\">\n                    EUR 50                  <\/span>\n                                      <span class=\"os-item-price-label\">Starts From<\/span>\n                                  <\/span>\n                          <\/div>\n                      <\/div>\n              <\/div>\n      <input type=\"hidden\" name=\"booking[service_id]\" value=\"\" class=\"latepoint_service_id\" \/><input type=\"hidden\" name=\"booking[duration]\" value=\"\" class=\"latepoint_duration\" \/><\/div>      <\/div>\n      <div class=\"latepoint-footer\">\n        <a href=\"#\" class=\"latepoint-btn latepoint-btn-white latepoint-prev-btn disabled\"><i class=\"latepoint-icon-arrow-2-left\"><\/i> <span>Back<\/span><\/a>\n            <div class=\"latepoint-progress\">\n      <ul>\n                  <li data-step-name=\"services\" class=\" active \">\n            <div class=\"progress-item\"><span> Izberi storitev<\/span><\/div>\n          <\/li>\n                  <li data-step-name=\"agents\" class=\"\">\n            <div class=\"progress-item\"><span> Izberite stroj<\/span><\/div>\n          <\/li>\n                  <li data-step-name=\"datepicker\" class=\"\">\n            <div class=\"progress-item\"><span> Izverite datum in \u010das<\/span><\/div>\n          <\/li>\n                  <li data-step-name=\"contact\" class=\"\">\n            <div class=\"progress-item\"><span> Va\u0161i podatki<\/span><\/div>\n          <\/li>\n                  <li data-step-name=\"verify\" class=\"\">\n            <div class=\"progress-item\"><span> Pregled rezervacije<\/span><\/div>\n          <\/li>\n                  <li data-step-name=\"confirmation\" class=\"\">\n            <div class=\"progress-item\"><span> Kon\u010dano<\/span><\/div>\n          <\/li>\n              <\/ul>\n    <\/div>\n            <a href=\"#\" class=\"latepoint-btn latepoint-btn-primary latepoint-next-btn disabled\" data-pre-last-step-label=\"Submit\" data-label=\"Next Step\"><span>Next Step<\/span> <i class=\"latepoint-icon-arrow-2-right\"><\/i><\/a>\n        <div class=\"latepoint-booking-params-w\">\n\t<div class=\"latepoint-restrictions-params\"><input type=\"hidden\" name=\"restrictions[show_locations]\" value=\"\" \/><input type=\"hidden\" name=\"restrictions[show_agents]\" value=\"\" \/><input type=\"hidden\" name=\"restrictions[show_services]\" value=\"\" \/><input type=\"hidden\" name=\"restrictions[show_service_categories]\" value=\"\" \/><input type=\"hidden\" name=\"restrictions[selected_service]\" value=\"\" \/><input type=\"hidden\" name=\"restrictions[selected_service_category]\" value=\"\" \/><input type=\"hidden\" name=\"restrictions[selected_location]\" value=\"\" \/><input type=\"hidden\" name=\"restrictions[selected_agent]\" value=\"\" \/><input type=\"hidden\" name=\"restrictions[selected_start_date]\" value=\"\" \/><input type=\"hidden\" name=\"restrictions[selected_start_time]\" value=\"\" \/><input type=\"hidden\" name=\"restrictions[calendar_start_date]\" value=\"\" \/><\/div><input type=\"hidden\" name=\"booking[payment_token]\" value=\"\" class=\"latepoint_payment_token\" \/><input type=\"hidden\" name=\"booking[intent_key]\" value=\"\" class=\"latepoint_booking_intent_key\" \/><input type=\"hidden\" name=\"current_step\" value=\"services\" class=\"latepoint_current_step\" \/><input type=\"hidden\" name=\"step_direction\" value=\"next\" class=\"latepoint_step_direction\" \/><\/div>      <\/div>\n    <\/form>\n  <\/div>\n  <div class=\"latepoint-summary-w\">\n    <h3 class=\"summary-header\"><span>Summary<\/span><div class=\"os-lines\"><\/div><\/h3>\n    <div class=\"os-summary-lines\">\n              <div class=\"os-summary-line \">\n          <div class=\"os-summary-label\">\n            Service          <\/div>\n          <div class=\"os-summary-value os-summary-value-service\">\n                      <\/div>\n        <\/div>\n              <div class=\"os-summary-line \">\n          <div class=\"os-summary-label\">\n            Duration          <\/div>\n          <div class=\"os-summary-value os-summary-value-duration\">\n                      <\/div>\n        <\/div>\n              <div class=\"os-summary-line \">\n          <div class=\"os-summary-label\">\n            Agent          <\/div>\n          <div class=\"os-summary-value os-summary-value-agent\">\n                      <\/div>\n        <\/div>\n              <div class=\"os-summary-line \">\n          <div class=\"os-summary-label\">\n            Date          <\/div>\n          <div class=\"os-summary-value os-summary-value-date\">\n                      <\/div>\n        <\/div>\n              <div class=\"os-summary-line \">\n          <div class=\"os-summary-label\">\n            Time          <\/div>\n          <div class=\"os-summary-value os-summary-value-time\">\n                      <\/div>\n        <\/div>\n              <div class=\"os-summary-line \">\n          <div class=\"os-summary-label\">\n            Customer          <\/div>\n          <div class=\"os-summary-value os-summary-value-customer\">\n                      <\/div>\n        <\/div>\n              <div class=\"os-summary-line \">\n          <div class=\"os-summary-label\">\n            Total Price          <\/div>\n          <div class=\"os-summary-value os-summary-value-price\">\n                      <\/div>\n        <\/div>\n          <\/div>\n  <\/div>\n<\/div><\/div>\n","protected":false},"excerpt":{"rendered":"Izberi storitev Izberite stroj Izverite datum in \u010das Va\u0161i podatki Pregled rezervacije Kon\u010dano Izberi storitev Prosim izberite storitve za katero [...]","protected":false},"author":1,"featured_media":11300,"parent":0,"menu_order":0,"comment_status":"closed","ping_status":"closed","template":"","meta":{"footnotes":""},"class_list":["post-11299","page","type-page","status-publish","has-post-thumbnail","hentry"],"yoast_head":"<!-- This site is optimized with the Yoast SEO plugin v26.8 - https:\/\/yoast.com\/product\/yoast-seo-wordpress\/ -->\n<title>Reservation - Manimo<\/title>\n<meta name=\"robots\" content=\"index, follow, max-snippet:-1, max-image-preview:large, max-video-preview:-1\" \/>\n<link rel=\"canonical\" href=\"https:\/\/manimo.si\/en\/reservation\/\" \/>\n<meta property=\"og:locale\" content=\"en_US\" \/>\n<meta property=\"og:type\" content=\"article\" \/>\n<meta property=\"og:title\" content=\"Reservation - Manimo\" \/>\n<meta property=\"og:url\" content=\"https:\/\/manimo.si\/en\/reservation\/\" \/>\n<meta property=\"og:site_name\" content=\"Manimo\" \/>\n<meta property=\"article:modified_time\" content=\"2025-11-06T17:57:29+00:00\" \/>\n<meta property=\"og:image\" content=\"https:\/\/manimo.si\/wp-content\/uploads\/2021\/09\/Nov-Projekt-3-scaled.jpg\" \/>\n\t<meta property=\"og:image:width\" content=\"2560\" \/>\n\t<meta property=\"og:image:height\" content=\"2560\" \/>\n\t<meta property=\"og:image:type\" content=\"image\/jpeg\" \/>\n<meta name=\"twitter:card\" content=\"summary_large_image\" \/>\n<script type=\"application\/ld+json\" class=\"yoast-schema-graph\">{\"@context\":\"https:\/\/schema.org\",\"@graph\":[{\"@type\":\"WebPage\",\"@id\":\"https:\/\/manimo.si\/en\/reservation\/\",\"url\":\"https:\/\/manimo.si\/en\/reservation\/\",\"name\":\"Reservation - Manimo\",\"isPartOf\":{\"@id\":\"https:\/\/manimo.si\/#website\"},\"primaryImageOfPage\":{\"@id\":\"https:\/\/manimo.si\/en\/reservation\/#primaryimage\"},\"image\":{\"@id\":\"https:\/\/manimo.si\/en\/reservation\/#primaryimage\"},\"thumbnailUrl\":\"https:\/\/manimo.si\/wp-content\/uploads\/2021\/09\/Nov-Projekt-3-scaled.jpg\",\"datePublished\":\"2021-09-12T06:15:36+00:00\",\"dateModified\":\"2025-11-06T17:57:29+00:00\",\"breadcrumb\":{\"@id\":\"https:\/\/manimo.si\/en\/reservation\/#breadcrumb\"},\"inLanguage\":\"en-US\",\"potentialAction\":[{\"@type\":\"ReadAction\",\"target\":[\"https:\/\/manimo.si\/en\/reservation\/\"]}]},{\"@type\":\"ImageObject\",\"inLanguage\":\"en-US\",\"@id\":\"https:\/\/manimo.si\/en\/reservation\/#primaryimage\",\"url\":\"https:\/\/manimo.si\/wp-content\/uploads\/2021\/09\/Nov-Projekt-3-scaled.jpg\",\"contentUrl\":\"https:\/\/manimo.si\/wp-content\/uploads\/2021\/09\/Nov-Projekt-3-scaled.jpg\",\"width\":2560,\"height\":2560},{\"@type\":\"BreadcrumbList\",\"@id\":\"https:\/\/manimo.si\/en\/reservation\/#breadcrumb\",\"itemListElement\":[{\"@type\":\"ListItem\",\"position\":1,\"name\":\"Home\",\"item\":\"https:\/\/manimo.si\/en\/\"},{\"@type\":\"ListItem\",\"position\":2,\"name\":\"Reservation\"}]},{\"@type\":\"WebSite\",\"@id\":\"https:\/\/manimo.si\/#website\",\"url\":\"https:\/\/manimo.si\/\",\"name\":\"Manimo\",\"description\":\"Ustrezna za\u0161\u010dita za va\u0161e izdelke\",\"publisher\":{\"@id\":\"https:\/\/manimo.si\/#organization\"},\"potentialAction\":[{\"@type\":\"SearchAction\",\"target\":{\"@type\":\"EntryPoint\",\"urlTemplate\":\"https:\/\/manimo.si\/?s={search_term_string}\"},\"query-input\":{\"@type\":\"PropertyValueSpecification\",\"valueRequired\":true,\"valueName\":\"search_term_string\"}}],\"inLanguage\":\"en-US\"},{\"@type\":\"Organization\",\"@id\":\"https:\/\/manimo.si\/#organization\",\"name\":\"Manimo d.o.o.\",\"url\":\"https:\/\/manimo.si\/\",\"logo\":{\"@type\":\"ImageObject\",\"inLanguage\":\"en-US\",\"@id\":\"https:\/\/manimo.si\/#\/schema\/logo\/image\/\",\"url\":\"https:\/\/manimo-pro.si\/wp-content\/uploads\/2021\/08\/logo-manimo.png\",\"contentUrl\":\"https:\/\/manimo-pro.si\/wp-content\/uploads\/2021\/08\/logo-manimo.png\",\"width\":250,\"height\":74,\"caption\":\"Manimo d.o.o.\"},\"image\":{\"@id\":\"https:\/\/manimo.si\/#\/schema\/logo\/image\/\"}}]}<\/script>\n<!-- \/ Yoast SEO plugin. -->","yoast_head_json":{"title":"Reservation - Manimo","robots":{"index":"index","follow":"follow","max-snippet":"max-snippet:-1","max-image-preview":"max-image-preview:large","max-video-preview":"max-video-preview:-1"},"canonical":"https:\/\/manimo.si\/en\/reservation\/","og_locale":"en_US","og_type":"article","og_title":"Reservation - Manimo","og_url":"https:\/\/manimo.si\/en\/reservation\/","og_site_name":"Manimo","article_modified_time":"2025-11-06T17:57:29+00:00","og_image":[{"width":2560,"height":2560,"url":"https:\/\/manimo.si\/wp-content\/uploads\/2021\/09\/Nov-Projekt-3-scaled.jpg","type":"image\/jpeg"}],"twitter_card":"summary_large_image","schema":{"@context":"https:\/\/schema.org","@graph":[{"@type":"WebPage","@id":"https:\/\/manimo.si\/en\/reservation\/","url":"https:\/\/manimo.si\/en\/reservation\/","name":"Reservation - Manimo","isPartOf":{"@id":"https:\/\/manimo.si\/#website"},"primaryImageOfPage":{"@id":"https:\/\/manimo.si\/en\/reservation\/#primaryimage"},"image":{"@id":"https:\/\/manimo.si\/en\/reservation\/#primaryimage"},"thumbnailUrl":"https:\/\/manimo.si\/wp-content\/uploads\/2021\/09\/Nov-Projekt-3-scaled.jpg","datePublished":"2021-09-12T06:15:36+00:00","dateModified":"2025-11-06T17:57:29+00:00","breadcrumb":{"@id":"https:\/\/manimo.si\/en\/reservation\/#breadcrumb"},"inLanguage":"en-US","potentialAction":[{"@type":"ReadAction","target":["https:\/\/manimo.si\/en\/reservation\/"]}]},{"@type":"ImageObject","inLanguage":"en-US","@id":"https:\/\/manimo.si\/en\/reservation\/#primaryimage","url":"https:\/\/manimo.si\/wp-content\/uploads\/2021\/09\/Nov-Projekt-3-scaled.jpg","contentUrl":"https:\/\/manimo.si\/wp-content\/uploads\/2021\/09\/Nov-Projekt-3-scaled.jpg","width":2560,"height":2560},{"@type":"BreadcrumbList","@id":"https:\/\/manimo.si\/en\/reservation\/#breadcrumb","itemListElement":[{"@type":"ListItem","position":1,"name":"Home","item":"https:\/\/manimo.si\/en\/"},{"@type":"ListItem","position":2,"name":"Reservation"}]},{"@type":"WebSite","@id":"https:\/\/manimo.si\/#website","url":"https:\/\/manimo.si\/","name":"Manimo","description":"Ustrezna za\u0161\u010dita za va\u0161e izdelke","publisher":{"@id":"https:\/\/manimo.si\/#organization"},"potentialAction":[{"@type":"SearchAction","target":{"@type":"EntryPoint","urlTemplate":"https:\/\/manimo.si\/?s={search_term_string}"},"query-input":{"@type":"PropertyValueSpecification","valueRequired":true,"valueName":"search_term_string"}}],"inLanguage":"en-US"},{"@type":"Organization","@id":"https:\/\/manimo.si\/#organization","name":"Manimo d.o.o.","url":"https:\/\/manimo.si\/","logo":{"@type":"ImageObject","inLanguage":"en-US","@id":"https:\/\/manimo.si\/#\/schema\/logo\/image\/","url":"https:\/\/manimo-pro.si\/wp-content\/uploads\/2021\/08\/logo-manimo.png","contentUrl":"https:\/\/manimo-pro.si\/wp-content\/uploads\/2021\/08\/logo-manimo.png","width":250,"height":74,"caption":"Manimo d.o.o."},"image":{"@id":"https:\/\/manimo.si\/#\/schema\/logo\/image\/"}}]}},"jetpack_sharing_enabled":true,"_links":{"self":[{"href":"https:\/\/manimo.si\/en\/wp-json\/wp\/v2\/pages\/11299","targetHints":{"allow":["GET"]}}],"collection":[{"href":"https:\/\/manimo.si\/en\/wp-json\/wp\/v2\/pages"}],"about":[{"href":"https:\/\/manimo.si\/en\/wp-json\/wp\/v2\/types\/page"}],"author":[{"embeddable":true,"href":"https:\/\/manimo.si\/en\/wp-json\/wp\/v2\/users\/1"}],"replies":[{"embeddable":true,"href":"https:\/\/manimo.si\/en\/wp-json\/wp\/v2\/comments?post=11299"}],"version-history":[{"count":1,"href":"https:\/\/manimo.si\/en\/wp-json\/wp\/v2\/pages\/11299\/revisions"}],"predecessor-version":[{"id":11311,"href":"https:\/\/manimo.si\/en\/wp-json\/wp\/v2\/pages\/11299\/revisions\/11311"}],"wp:featuredmedia":[{"embeddable":true,"href":"https:\/\/manimo.si\/en\/wp-json\/wp\/v2\/media\/11300"}],"wp:attachment":[{"href":"https:\/\/manimo.si\/en\/wp-json\/wp\/v2\/media?parent=11299"}],"curies":[{"name":"wp","href":"https:\/\/api.w.org\/{rel}","templated":true}]}}