{"id":11855,"date":"2018-09-10T13:37:37","date_gmt":"2018-09-10T13:37:37","guid":{"rendered":"https:\/\/manimo.si\/packaging-machines\/"},"modified":"2025-11-06T17:59:21","modified_gmt":"2025-11-06T17:59:21","slug":"packaging-machines","status":"publish","type":"page","link":"https:\/\/manimo.si\/en\/packaging-machines\/","title":{"rendered":"Packaging Machines"},"content":{"rendered":"<p>[vc_row kd_background_image_position=&#8221;vc_row-bg-position-top&#8221; css=&#8221;.vc_custom_1654257423497{margin-top: 100px !important;margin-bottom: 100px !important;}&#8221;][vc_column]<header class=\"kd-section-title col-lg-12 text-left  subtitle-below-title   \" ><h3 class=\"separator_off\" style=\"color: #696969;font-size: 22px;\">Packaging machines and equipment are essential tools in all companies for quality product protection and safe transport to customers.<\/h3><\/header>[vc_column_text]<\/p>\n<p style=\"font-weight: 400;\">We offer many types of universal and specialized packaging equipment and machines, from small hand tools to fully automated systems. All our tools and machines comply with EU standards, CE marking.<br \/>&#8211; 20 years of experience with packaging machines<br \/>&#8211; we ensure fast and professional service[\/vc_column_text][\/vc_column][\/vc_row][vc_row kd_background_image_position=&#8221;vc_row-bg-position-top&#8221; css=&#8221;.vc_custom_1637662037444{margin-top: 100px !important;margin-bottom: 100px !important;}&#8221;][vc_column][vc_masonry_grid post_type=&#8221;portfolio&#8221; max_items=&#8221;8&#8243; style=&#8221;lazy&#8221; items_per_page=&#8221;3&#8243; element_width=&#8221;6&#8243; item=&#8221;10372&#8243; initial_loading_animation=&#8221;fadeIn&#8221; grid_id=&#8221;vc_gid:1664447114108-c4b30f84b7b1904ee751810e45e81515-5&#8243; taxonomies=&#8221;69&#8243;][\/vc_column][\/vc_row][vc_row full_width=&#8221;stretch_row&#8221; content_placement=&#8221;middle&#8221; parallax=&#8221;content-moving&#8221; parallax_speed_bg=&#8221;1.4&#8243; kd_background_image_position=&#8221;vc_row-bg-position-top&#8221; kd_background_overlay=&#8221;true&#8221; css=&#8221;.vc_custom_1631865917469{margin-bottom: 0px !important;padding-top: 80px !important;padding-bottom: 50px !important;background-color: #ededed !important;}&#8221;][vc_column][vc_row_inner kd_background_image_position=&#8221;vc_row-bg-position-top&#8221;][vc_column_inner]<header class=\"kd-section-title col-lg-12 text-center  subtitle-below-title kd-animated fadeIn   vc_custom_1654258085596\" data-animation-delay=200><h3 class=\"separator_off\" style=\"color: #8c8c8c;font-size: 22px;font-weight: 100;\">With our knowledge and years of experience, we advise and assist you in selecting the most suitable packaging machine for your needs.<\/h3><\/header><a  href=\"https:\/\/manimo-pro.si\/kontakt\/\"  target=\"_self\"  title=\"\"  class=\"tt_button tt_primary_button btn_primary_color hover_solid_white button-center button-action-link icon_right  kd-animated zoomIn\" data-animation-delay=200><span class=\"prim_text\">Contact<\/span><span class=\"fas fa-chevron-right iconita\" style=\"font-size:12px;\"><\/span><\/a>[\/vc_column_inner][\/vc_row_inner][\/vc_column][\/vc_row]<\/p>\n","protected":false},"excerpt":{"rendered":"<p>[vc_row kd_background_image_position=&#8221;vc_row-bg-position-top&#8221; css=&#8221;.vc_custom_1654257423497{margin-top: 100px !important;margin-bottom: 100px !important;}&#8221;][vc_column][vc_column_text] We offer many types of universal and specialized packaging equipment and machines, from [&hellip;]<\/p>\n","protected":false},"author":1,"featured_media":11856,"parent":0,"menu_order":0,"comment_status":"closed","ping_status":"closed","template":"","meta":{"footnotes":""},"class_list":["post-11855","page","type-page","status-publish","has-post-thumbnail","hentry"],"yoast_head":"<!-- This site is optimized with the Yoast SEO plugin v26.8 - https:\/\/yoast.com\/product\/yoast-seo-wordpress\/ -->\n<title>Packaging Machines - Manimo<\/title>\n<meta name=\"robots\" content=\"index, follow, max-snippet:-1, max-image-preview:large, max-video-preview:-1\" \/>\n<link rel=\"canonical\" href=\"https:\/\/manimo.si\/en\/packaging-machines\/\" \/>\n<meta property=\"og:locale\" content=\"en_US\" \/>\n<meta property=\"og:type\" content=\"article\" \/>\n<meta property=\"og:title\" content=\"Packaging Machines - Manimo\" \/>\n<meta property=\"og:description\" content=\"[vc_row kd_background_image_position=&#8221;vc_row-bg-position-top&#8221; css=&#8221;.vc_custom_1654257423497{margin-top: 100px !important;margin-bottom: 100px !important;}&#8221;][vc_column][vc_column_text] We offer many types of universal and specialized packaging equipment and machines, from [&hellip;]\" \/>\n<meta property=\"og:url\" content=\"https:\/\/manimo.si\/en\/packaging-machines\/\" \/>\n<meta property=\"og:site_name\" content=\"Manimo\" \/>\n<meta property=\"article:modified_time\" content=\"2025-11-06T17:59:21+00:00\" \/>\n<meta property=\"og:image\" content=\"https:\/\/manimo.si\/wp-content\/uploads\/2021\/09\/image-2.jpg\" \/>\n\t<meta property=\"og:image:width\" content=\"1920\" \/>\n\t<meta property=\"og:image:height\" content=\"820\" \/>\n\t<meta property=\"og:image:type\" content=\"image\/jpeg\" \/>\n<meta name=\"twitter:card\" content=\"summary_large_image\" \/>\n<meta name=\"twitter:label1\" content=\"Est. reading time\" \/>\n\t<meta name=\"twitter:data1\" content=\"2 minutes\" \/>\n<script type=\"application\/ld+json\" class=\"yoast-schema-graph\">{\"@context\":\"https:\/\/schema.org\",\"@graph\":[{\"@type\":\"WebPage\",\"@id\":\"https:\/\/manimo.si\/en\/packaging-machines\/\",\"url\":\"https:\/\/manimo.si\/en\/packaging-machines\/\",\"name\":\"Packaging Machines - Manimo\",\"isPartOf\":{\"@id\":\"https:\/\/manimo.si\/#website\"},\"primaryImageOfPage\":{\"@id\":\"https:\/\/manimo.si\/en\/packaging-machines\/#primaryimage\"},\"image\":{\"@id\":\"https:\/\/manimo.si\/en\/packaging-machines\/#primaryimage\"},\"thumbnailUrl\":\"https:\/\/manimo.si\/wp-content\/uploads\/2021\/09\/image-2.jpg\",\"datePublished\":\"2018-09-10T13:37:37+00:00\",\"dateModified\":\"2025-11-06T17:59:21+00:00\",\"breadcrumb\":{\"@id\":\"https:\/\/manimo.si\/en\/packaging-machines\/#breadcrumb\"},\"inLanguage\":\"en-US\",\"potentialAction\":[{\"@type\":\"ReadAction\",\"target\":[\"https:\/\/manimo.si\/en\/packaging-machines\/\"]}]},{\"@type\":\"ImageObject\",\"inLanguage\":\"en-US\",\"@id\":\"https:\/\/manimo.si\/en\/packaging-machines\/#primaryimage\",\"url\":\"https:\/\/manimo.si\/wp-content\/uploads\/2021\/09\/image-2.jpg\",\"contentUrl\":\"https:\/\/manimo.si\/wp-content\/uploads\/2021\/09\/image-2.jpg\",\"width\":1920,\"height\":820},{\"@type\":\"BreadcrumbList\",\"@id\":\"https:\/\/manimo.si\/en\/packaging-machines\/#breadcrumb\",\"itemListElement\":[{\"@type\":\"ListItem\",\"position\":1,\"name\":\"Home\",\"item\":\"https:\/\/manimo.si\/en\/\"},{\"@type\":\"ListItem\",\"position\":2,\"name\":\"Packaging Machines\"}]},{\"@type\":\"WebSite\",\"@id\":\"https:\/\/manimo.si\/#website\",\"url\":\"https:\/\/manimo.si\/\",\"name\":\"Manimo\",\"description\":\"Ustrezna za\u0161\u010dita za va\u0161e izdelke\",\"publisher\":{\"@id\":\"https:\/\/manimo.si\/#organization\"},\"potentialAction\":[{\"@type\":\"SearchAction\",\"target\":{\"@type\":\"EntryPoint\",\"urlTemplate\":\"https:\/\/manimo.si\/?s={search_term_string}\"},\"query-input\":{\"@type\":\"PropertyValueSpecification\",\"valueRequired\":true,\"valueName\":\"search_term_string\"}}],\"inLanguage\":\"en-US\"},{\"@type\":\"Organization\",\"@id\":\"https:\/\/manimo.si\/#organization\",\"name\":\"Manimo d.o.o.\",\"url\":\"https:\/\/manimo.si\/\",\"logo\":{\"@type\":\"ImageObject\",\"inLanguage\":\"en-US\",\"@id\":\"https:\/\/manimo.si\/#\/schema\/logo\/image\/\",\"url\":\"https:\/\/manimo-pro.si\/wp-content\/uploads\/2021\/08\/logo-manimo.png\",\"contentUrl\":\"https:\/\/manimo-pro.si\/wp-content\/uploads\/2021\/08\/logo-manimo.png\",\"width\":250,\"height\":74,\"caption\":\"Manimo d.o.o.\"},\"image\":{\"@id\":\"https:\/\/manimo.si\/#\/schema\/logo\/image\/\"}}]}<\/script>\n<!-- \/ Yoast SEO plugin. -->","yoast_head_json":{"title":"Packaging Machines - Manimo","robots":{"index":"index","follow":"follow","max-snippet":"max-snippet:-1","max-image-preview":"max-image-preview:large","max-video-preview":"max-video-preview:-1"},"canonical":"https:\/\/manimo.si\/en\/packaging-machines\/","og_locale":"en_US","og_type":"article","og_title":"Packaging Machines - Manimo","og_description":"[vc_row kd_background_image_position=&#8221;vc_row-bg-position-top&#8221; css=&#8221;.vc_custom_1654257423497{margin-top: 100px !important;margin-bottom: 100px !important;}&#8221;][vc_column][vc_column_text] We offer many types of universal and specialized packaging equipment and machines, from [&hellip;]","og_url":"https:\/\/manimo.si\/en\/packaging-machines\/","og_site_name":"Manimo","article_modified_time":"2025-11-06T17:59:21+00:00","og_image":[{"width":1920,"height":820,"url":"https:\/\/manimo.si\/wp-content\/uploads\/2021\/09\/image-2.jpg","type":"image\/jpeg"}],"twitter_card":"summary_large_image","twitter_misc":{"Est. reading time":"2 minutes"},"schema":{"@context":"https:\/\/schema.org","@graph":[{"@type":"WebPage","@id":"https:\/\/manimo.si\/en\/packaging-machines\/","url":"https:\/\/manimo.si\/en\/packaging-machines\/","name":"Packaging Machines - Manimo","isPartOf":{"@id":"https:\/\/manimo.si\/#website"},"primaryImageOfPage":{"@id":"https:\/\/manimo.si\/en\/packaging-machines\/#primaryimage"},"image":{"@id":"https:\/\/manimo.si\/en\/packaging-machines\/#primaryimage"},"thumbnailUrl":"https:\/\/manimo.si\/wp-content\/uploads\/2021\/09\/image-2.jpg","datePublished":"2018-09-10T13:37:37+00:00","dateModified":"2025-11-06T17:59:21+00:00","breadcrumb":{"@id":"https:\/\/manimo.si\/en\/packaging-machines\/#breadcrumb"},"inLanguage":"en-US","potentialAction":[{"@type":"ReadAction","target":["https:\/\/manimo.si\/en\/packaging-machines\/"]}]},{"@type":"ImageObject","inLanguage":"en-US","@id":"https:\/\/manimo.si\/en\/packaging-machines\/#primaryimage","url":"https:\/\/manimo.si\/wp-content\/uploads\/2021\/09\/image-2.jpg","contentUrl":"https:\/\/manimo.si\/wp-content\/uploads\/2021\/09\/image-2.jpg","width":1920,"height":820},{"@type":"BreadcrumbList","@id":"https:\/\/manimo.si\/en\/packaging-machines\/#breadcrumb","itemListElement":[{"@type":"ListItem","position":1,"name":"Home","item":"https:\/\/manimo.si\/en\/"},{"@type":"ListItem","position":2,"name":"Packaging Machines"}]},{"@type":"WebSite","@id":"https:\/\/manimo.si\/#website","url":"https:\/\/manimo.si\/","name":"Manimo","description":"Ustrezna za\u0161\u010dita za va\u0161e izdelke","publisher":{"@id":"https:\/\/manimo.si\/#organization"},"potentialAction":[{"@type":"SearchAction","target":{"@type":"EntryPoint","urlTemplate":"https:\/\/manimo.si\/?s={search_term_string}"},"query-input":{"@type":"PropertyValueSpecification","valueRequired":true,"valueName":"search_term_string"}}],"inLanguage":"en-US"},{"@type":"Organization","@id":"https:\/\/manimo.si\/#organization","name":"Manimo d.o.o.","url":"https:\/\/manimo.si\/","logo":{"@type":"ImageObject","inLanguage":"en-US","@id":"https:\/\/manimo.si\/#\/schema\/logo\/image\/","url":"https:\/\/manimo-pro.si\/wp-content\/uploads\/2021\/08\/logo-manimo.png","contentUrl":"https:\/\/manimo-pro.si\/wp-content\/uploads\/2021\/08\/logo-manimo.png","width":250,"height":74,"caption":"Manimo d.o.o."},"image":{"@id":"https:\/\/manimo.si\/#\/schema\/logo\/image\/"}}]}},"jetpack_sharing_enabled":true,"_links":{"self":[{"href":"https:\/\/manimo.si\/en\/wp-json\/wp\/v2\/pages\/11855","targetHints":{"allow":["GET"]}}],"collection":[{"href":"https:\/\/manimo.si\/en\/wp-json\/wp\/v2\/pages"}],"about":[{"href":"https:\/\/manimo.si\/en\/wp-json\/wp\/v2\/types\/page"}],"author":[{"embeddable":true,"href":"https:\/\/manimo.si\/en\/wp-json\/wp\/v2\/users\/1"}],"replies":[{"embeddable":true,"href":"https:\/\/manimo.si\/en\/wp-json\/wp\/v2\/comments?post=11855"}],"version-history":[{"count":1,"href":"https:\/\/manimo.si\/en\/wp-json\/wp\/v2\/pages\/11855\/revisions"}],"predecessor-version":[{"id":11859,"href":"https:\/\/manimo.si\/en\/wp-json\/wp\/v2\/pages\/11855\/revisions\/11859"}],"wp:featuredmedia":[{"embeddable":true,"href":"https:\/\/manimo.si\/en\/wp-json\/wp\/v2\/media\/11856"}],"wp:attachment":[{"href":"https:\/\/manimo.si\/en\/wp-json\/wp\/v2\/media?parent=11855"}],"curies":[{"name":"wp","href":"https:\/\/api.w.org\/{rel}","templated":true}]}}