{"id":11865,"date":"2018-10-22T13:48:22","date_gmt":"2018-10-22T13:48:22","guid":{"rendered":"https:\/\/manimo.si\/contact\/"},"modified":"2025-11-10T13:19:10","modified_gmt":"2025-11-10T13:19:10","slug":"contact","status":"publish","type":"page","link":"https:\/\/manimo.si\/en\/contact\/","title":{"rendered":"Contact"},"content":{"rendered":"<p>[vc_row full_width=&#8221;stretch_row_content_no_spaces&#8221; kd_background_image_position=&#8221;vc_row-bg-position-top&#8221; css=&#8221;.vc_custom_1600770913245{background-color: #f7f4fb !important;}&#8221; css_tablet_portrait=&#8221;.vc_custom_1600770913247{background-color: #ffffff !important;}&#8221; css_mobile=&#8221;.vc_custom_1600770913247{background-color: #ffffff !important;}&#8221; css_tablet_landscape=&#8221;.vc_custom_1600770913246{background-color: #ffffff !important;}&#8221;][vc_column][vc_row_inner content_placement=&#8221;middle&#8221; kd_background_image_position=&#8221;vc_row-bg-position-top&#8221;][vc_column_inner width=&#8221;1\/2&#8243; css=&#8221;.vc_custom_1631629977597{padding-top: 55px !important;padding-right: 80px !important;padding-bottom: 29px !important;padding-left: 80px !important;}&#8221; offset=&#8221;vc_col-lg-6 vc_col-md-12&#8243;]<div class=\"cb-container  content-center   kd-animated fadeInUp\" ><div class=\"cb-wrapper\" style=\"background-color: #fff;\"><div class=\"cb-img-area\"><i class=\"iconsmind-Speach-BubbleComic2 iconsmind-Speech-Bubbles\" style=\" \"><\/i> <\/div><div class=\"cb-text-area\">\n                      <h4 class=\"cb-heading\" >Manimo d.o.o.<\/h4><p >\u017dnidar\u010di\u010deva ulica 33<br \/>\n5290 \u0160empeter pri Gorici<br \/>\nSlovenia<\/p><\/div><\/div><\/div><div class=\"cb-container  content-center   kd-animated fadeInUp\" data-animation-delay=200><div class=\"cb-wrapper\" style=\"background-color: #fff;\"><div class=\"cb-img-area\"><i class=\"iconsmind-Phone-2 iconsmind-Desktop-apps\" style=\" \"><\/i> <\/div><div class=\"cb-text-area\">\n                      <h4 class=\"cb-heading\" >Contact<\/h4><p >Tel: +386 (0)5 393 90 02<br \/>\ninfo@manimo.si<\/p><\/div><\/div><\/div>[\/vc_column_inner][vc_column_inner el_class=&#8221;with-shadow&#8221; width=&#8221;1\/2&#8243; css=&#8221;.vc_custom_1600770477696{padding-top: 55px !important;padding-right: 80px !important;padding-bottom: 29px !important;padding-left: 80px !important;background-color: #ffffff !important;border-radius: 10px !important;}&#8221; css_tablet_landscape=&#8221;.vc_custom_1600770477697{padding-right: 40px !important;padding-left: 40px !important;}&#8221; offset=&#8221;vc_col-lg-6 vc_col-md-12&#8243; css_tablet_portrait=&#8221;.vc_custom_1600770477698{padding-right: 40px !important;padding-left: 40px !important;}&#8221; css_mobile=&#8221;.vc_custom_1600770477698{padding-right: 40px !important;padding-left: 40px !important;}&#8221;]<header class=\"kd-section-title col-lg-12 text-center  subtitle-below-title kd-animated fadeIn   vc_custom_1631630281946\" data-animation-delay=200><h4 class=\"separator_off\" >Contact us<\/h4><h6 class=\"subtitle\" style=\"font-size:15px;\">If you have an inquiry or would like to obtain more information, please contact us.<\/h6><\/header><div class=\"kd-contact-form full-width-cf  cf-with-border   kd-animated fadeIn\" data-animation-delay=400>\n<div class=\"wpcf7 no-js\" id=\"wpcf7-f8644-o1\" lang=\"en-US\" dir=\"ltr\" data-wpcf7-id=\"8644\">\n<div class=\"screen-reader-response\"><p role=\"status\" aria-live=\"polite\" aria-atomic=\"true\"><\/p> <ul><\/ul><\/div>\n<form action=\"\/en\/wp-json\/wp\/v2\/pages\/11865#wpcf7-f8644-o1\" method=\"post\" class=\"wpcf7-form init\" aria-label=\"Contact form\" novalidate=\"novalidate\" data-status=\"init\">\n<fieldset class=\"hidden-fields-container\"><input type=\"hidden\" name=\"_wpcf7\" value=\"8644\" \/><input type=\"hidden\" name=\"_wpcf7_version\" value=\"6.1.4\" \/><input type=\"hidden\" name=\"_wpcf7_locale\" value=\"en_US\" \/><input type=\"hidden\" name=\"_wpcf7_unit_tag\" value=\"wpcf7-f8644-o1\" \/><input type=\"hidden\" name=\"_wpcf7_container_post\" value=\"0\" \/><input type=\"hidden\" name=\"_wpcf7_posted_data_hash\" value=\"\" \/><input type=\"hidden\" name=\"_wpcf7_recaptcha_response\" value=\"\" \/>\n<\/fieldset>\n<p><span class=\"wpcf7-form-control-wrap\" data-name=\"your-name\"><input size=\"40\" maxlength=\"400\" class=\"wpcf7-form-control wpcf7-text wpcf7-validates-as-required\" aria-required=\"true\" aria-invalid=\"false\" placeholder=\"Va\u0161e ime\" value=\"\" type=\"text\" name=\"your-name\" \/><\/span><br \/>\n<span class=\"wpcf7-form-control-wrap\" data-name=\"your-email\"><input size=\"40\" maxlength=\"400\" class=\"wpcf7-form-control wpcf7-email wpcf7-validates-as-required wpcf7-text wpcf7-validates-as-email\" aria-required=\"true\" aria-invalid=\"false\" placeholder=\"Va\u0161 elektornski naslov\" value=\"\" type=\"email\" name=\"your-email\" \/><\/span><br \/>\n<span class=\"wpcf7-form-control-wrap\" data-name=\"your-message\"><textarea cols=\"40\" rows=\"10\" maxlength=\"2000\" class=\"wpcf7-form-control wpcf7-textarea\" aria-invalid=\"false\" placeholder=\"Va\u0161e sporo\u010dilo\" name=\"your-message\"><\/textarea><\/span><br \/>\n<label><br \/>\n<span class=\"wpcf7-form-control-wrap\" data-name=\"acceptance-737\"><span class=\"wpcf7-form-control wpcf7-acceptance\"><span class=\"wpcf7-list-item\"><label><input type=\"checkbox\" name=\"acceptance-737\" value=\"1\" aria-invalid=\"false\" \/><span class=\"wpcf7-list-item-label\">Strinjam se s pogoji GDPR direktive navedene v <a href=\"https:\/\/manimo-pro.si\/pogoji-poslovanja\/\">Pogoji poslovanja<\/a>.<\/p><\/span><\/label><\/span><\/span><\/span><br \/>\n<\/label><br \/>\n<br \/>\n<input class=\"wpcf7-form-control wpcf7-submit has-spinner\" type=\"submit\" value=\"Po\u0161lji\" \/>\n<\/p><div class=\"wpcf7-response-output\" aria-hidden=\"true\"><\/div>\n<\/form>\n<\/div>\n<\/div>[\/vc_column_inner][\/vc_row_inner][\/vc_column][\/vc_row]<\/p>\n","protected":false},"excerpt":{"rendered":"<p>[vc_row full_width=&#8221;stretch_row_content_no_spaces&#8221; kd_background_image_position=&#8221;vc_row-bg-position-top&#8221; css=&#8221;.vc_custom_1600770913245{background-color: #f7f4fb !important;}&#8221; css_tablet_portrait=&#8221;.vc_custom_1600770913247{background-color: #ffffff !important;}&#8221; css_mobile=&#8221;.vc_custom_1600770913247{background-color: #ffffff !important;}&#8221; css_tablet_landscape=&#8221;.vc_custom_1600770913246{background-color: #ffffff !important;}&#8221;][vc_column][vc_row_inner content_placement=&#8221;middle&#8221; kd_background_image_position=&#8221;vc_row-bg-position-top&#8221;][vc_column_inner width=&#8221;1\/2&#8243; css=&#8221;.vc_custom_1631629977597{padding-top: 55px [&hellip;]<\/p>\n","protected":false},"author":1,"featured_media":11866,"parent":0,"menu_order":0,"comment_status":"closed","ping_status":"closed","template":"","meta":{"footnotes":""},"class_list":["post-11865","page","type-page","status-publish","has-post-thumbnail","hentry"],"yoast_head":"<!-- This site is optimized with the Yoast SEO plugin v26.8 - https:\/\/yoast.com\/product\/yoast-seo-wordpress\/ -->\n<title>Contact - Manimo<\/title>\n<meta name=\"robots\" content=\"index, follow, max-snippet:-1, max-image-preview:large, max-video-preview:-1\" \/>\n<link rel=\"canonical\" href=\"https:\/\/manimo.si\/en\/contact\/\" \/>\n<meta property=\"og:locale\" content=\"en_US\" \/>\n<meta property=\"og:type\" content=\"article\" \/>\n<meta property=\"og:title\" content=\"Contact - Manimo\" \/>\n<meta property=\"og:description\" content=\"[vc_row full_width=&#8221;stretch_row_content_no_spaces&#8221; kd_background_image_position=&#8221;vc_row-bg-position-top&#8221; css=&#8221;.vc_custom_1600770913245{background-color: #f7f4fb !important;}&#8221; css_tablet_portrait=&#8221;.vc_custom_1600770913247{background-color: #ffffff !important;}&#8221; css_mobile=&#8221;.vc_custom_1600770913247{background-color: #ffffff !important;}&#8221; css_tablet_landscape=&#8221;.vc_custom_1600770913246{background-color: #ffffff !important;}&#8221;][vc_column][vc_row_inner content_placement=&#8221;middle&#8221; kd_background_image_position=&#8221;vc_row-bg-position-top&#8221;][vc_column_inner width=&#8221;1\/2&#8243; css=&#8221;.vc_custom_1631629977597{padding-top: 55px [&hellip;]\" \/>\n<meta property=\"og:url\" content=\"https:\/\/manimo.si\/en\/contact\/\" \/>\n<meta property=\"og:site_name\" content=\"Manimo\" \/>\n<meta property=\"article:modified_time\" content=\"2025-11-10T13:19:10+00:00\" \/>\n<meta property=\"og:image\" content=\"https:\/\/manimo.si\/wp-content\/uploads\/2021\/09\/Screenshot-2021-09-14-at-15.21.59.jpg\" \/>\n\t<meta property=\"og:image:width\" content=\"2024\" \/>\n\t<meta property=\"og:image:height\" content=\"690\" \/>\n\t<meta property=\"og:image:type\" content=\"image\/jpeg\" \/>\n<meta name=\"twitter:card\" content=\"summary_large_image\" \/>\n<meta name=\"twitter:label1\" content=\"Est. reading time\" \/>\n\t<meta name=\"twitter:data1\" content=\"2 minutes\" \/>\n<script type=\"application\/ld+json\" class=\"yoast-schema-graph\">{\"@context\":\"https:\/\/schema.org\",\"@graph\":[{\"@type\":\"WebPage\",\"@id\":\"https:\/\/manimo.si\/en\/contact\/\",\"url\":\"https:\/\/manimo.si\/en\/contact\/\",\"name\":\"Contact - Manimo\",\"isPartOf\":{\"@id\":\"https:\/\/manimo.si\/#website\"},\"primaryImageOfPage\":{\"@id\":\"https:\/\/manimo.si\/en\/contact\/#primaryimage\"},\"image\":{\"@id\":\"https:\/\/manimo.si\/en\/contact\/#primaryimage\"},\"thumbnailUrl\":\"https:\/\/manimo.si\/wp-content\/uploads\/2021\/09\/Screenshot-2021-09-14-at-15.21.59.jpg\",\"datePublished\":\"2018-10-22T13:48:22+00:00\",\"dateModified\":\"2025-11-10T13:19:10+00:00\",\"breadcrumb\":{\"@id\":\"https:\/\/manimo.si\/en\/contact\/#breadcrumb\"},\"inLanguage\":\"en-US\",\"potentialAction\":[{\"@type\":\"ReadAction\",\"target\":[\"https:\/\/manimo.si\/en\/contact\/\"]}]},{\"@type\":\"ImageObject\",\"inLanguage\":\"en-US\",\"@id\":\"https:\/\/manimo.si\/en\/contact\/#primaryimage\",\"url\":\"https:\/\/manimo.si\/wp-content\/uploads\/2021\/09\/Screenshot-2021-09-14-at-15.21.59.jpg\",\"contentUrl\":\"https:\/\/manimo.si\/wp-content\/uploads\/2021\/09\/Screenshot-2021-09-14-at-15.21.59.jpg\",\"width\":2024,\"height\":690},{\"@type\":\"BreadcrumbList\",\"@id\":\"https:\/\/manimo.si\/en\/contact\/#breadcrumb\",\"itemListElement\":[{\"@type\":\"ListItem\",\"position\":1,\"name\":\"Home\",\"item\":\"https:\/\/manimo.si\/en\/\"},{\"@type\":\"ListItem\",\"position\":2,\"name\":\"Contact\"}]},{\"@type\":\"WebSite\",\"@id\":\"https:\/\/manimo.si\/#website\",\"url\":\"https:\/\/manimo.si\/\",\"name\":\"Manimo\",\"description\":\"Ustrezna za\u0161\u010dita za va\u0161e izdelke\",\"publisher\":{\"@id\":\"https:\/\/manimo.si\/#organization\"},\"potentialAction\":[{\"@type\":\"SearchAction\",\"target\":{\"@type\":\"EntryPoint\",\"urlTemplate\":\"https:\/\/manimo.si\/?s={search_term_string}\"},\"query-input\":{\"@type\":\"PropertyValueSpecification\",\"valueRequired\":true,\"valueName\":\"search_term_string\"}}],\"inLanguage\":\"en-US\"},{\"@type\":\"Organization\",\"@id\":\"https:\/\/manimo.si\/#organization\",\"name\":\"Manimo d.o.o.\",\"url\":\"https:\/\/manimo.si\/\",\"logo\":{\"@type\":\"ImageObject\",\"inLanguage\":\"en-US\",\"@id\":\"https:\/\/manimo.si\/#\/schema\/logo\/image\/\",\"url\":\"https:\/\/manimo-pro.si\/wp-content\/uploads\/2021\/08\/logo-manimo.png\",\"contentUrl\":\"https:\/\/manimo-pro.si\/wp-content\/uploads\/2021\/08\/logo-manimo.png\",\"width\":250,\"height\":74,\"caption\":\"Manimo d.o.o.\"},\"image\":{\"@id\":\"https:\/\/manimo.si\/#\/schema\/logo\/image\/\"}}]}<\/script>\n<!-- \/ Yoast SEO plugin. -->","yoast_head_json":{"title":"Contact - Manimo","robots":{"index":"index","follow":"follow","max-snippet":"max-snippet:-1","max-image-preview":"max-image-preview:large","max-video-preview":"max-video-preview:-1"},"canonical":"https:\/\/manimo.si\/en\/contact\/","og_locale":"en_US","og_type":"article","og_title":"Contact - Manimo","og_description":"[vc_row full_width=&#8221;stretch_row_content_no_spaces&#8221; kd_background_image_position=&#8221;vc_row-bg-position-top&#8221; css=&#8221;.vc_custom_1600770913245{background-color: #f7f4fb !important;}&#8221; css_tablet_portrait=&#8221;.vc_custom_1600770913247{background-color: #ffffff !important;}&#8221; css_mobile=&#8221;.vc_custom_1600770913247{background-color: #ffffff !important;}&#8221; css_tablet_landscape=&#8221;.vc_custom_1600770913246{background-color: #ffffff !important;}&#8221;][vc_column][vc_row_inner content_placement=&#8221;middle&#8221; kd_background_image_position=&#8221;vc_row-bg-position-top&#8221;][vc_column_inner width=&#8221;1\/2&#8243; css=&#8221;.vc_custom_1631629977597{padding-top: 55px [&hellip;]","og_url":"https:\/\/manimo.si\/en\/contact\/","og_site_name":"Manimo","article_modified_time":"2025-11-10T13:19:10+00:00","og_image":[{"width":2024,"height":690,"url":"https:\/\/manimo.si\/wp-content\/uploads\/2021\/09\/Screenshot-2021-09-14-at-15.21.59.jpg","type":"image\/jpeg"}],"twitter_card":"summary_large_image","twitter_misc":{"Est. reading time":"2 minutes"},"schema":{"@context":"https:\/\/schema.org","@graph":[{"@type":"WebPage","@id":"https:\/\/manimo.si\/en\/contact\/","url":"https:\/\/manimo.si\/en\/contact\/","name":"Contact - Manimo","isPartOf":{"@id":"https:\/\/manimo.si\/#website"},"primaryImageOfPage":{"@id":"https:\/\/manimo.si\/en\/contact\/#primaryimage"},"image":{"@id":"https:\/\/manimo.si\/en\/contact\/#primaryimage"},"thumbnailUrl":"https:\/\/manimo.si\/wp-content\/uploads\/2021\/09\/Screenshot-2021-09-14-at-15.21.59.jpg","datePublished":"2018-10-22T13:48:22+00:00","dateModified":"2025-11-10T13:19:10+00:00","breadcrumb":{"@id":"https:\/\/manimo.si\/en\/contact\/#breadcrumb"},"inLanguage":"en-US","potentialAction":[{"@type":"ReadAction","target":["https:\/\/manimo.si\/en\/contact\/"]}]},{"@type":"ImageObject","inLanguage":"en-US","@id":"https:\/\/manimo.si\/en\/contact\/#primaryimage","url":"https:\/\/manimo.si\/wp-content\/uploads\/2021\/09\/Screenshot-2021-09-14-at-15.21.59.jpg","contentUrl":"https:\/\/manimo.si\/wp-content\/uploads\/2021\/09\/Screenshot-2021-09-14-at-15.21.59.jpg","width":2024,"height":690},{"@type":"BreadcrumbList","@id":"https:\/\/manimo.si\/en\/contact\/#breadcrumb","itemListElement":[{"@type":"ListItem","position":1,"name":"Home","item":"https:\/\/manimo.si\/en\/"},{"@type":"ListItem","position":2,"name":"Contact"}]},{"@type":"WebSite","@id":"https:\/\/manimo.si\/#website","url":"https:\/\/manimo.si\/","name":"Manimo","description":"Ustrezna za\u0161\u010dita za va\u0161e izdelke","publisher":{"@id":"https:\/\/manimo.si\/#organization"},"potentialAction":[{"@type":"SearchAction","target":{"@type":"EntryPoint","urlTemplate":"https:\/\/manimo.si\/?s={search_term_string}"},"query-input":{"@type":"PropertyValueSpecification","valueRequired":true,"valueName":"search_term_string"}}],"inLanguage":"en-US"},{"@type":"Organization","@id":"https:\/\/manimo.si\/#organization","name":"Manimo d.o.o.","url":"https:\/\/manimo.si\/","logo":{"@type":"ImageObject","inLanguage":"en-US","@id":"https:\/\/manimo.si\/#\/schema\/logo\/image\/","url":"https:\/\/manimo-pro.si\/wp-content\/uploads\/2021\/08\/logo-manimo.png","contentUrl":"https:\/\/manimo-pro.si\/wp-content\/uploads\/2021\/08\/logo-manimo.png","width":250,"height":74,"caption":"Manimo d.o.o."},"image":{"@id":"https:\/\/manimo.si\/#\/schema\/logo\/image\/"}}]}},"jetpack_sharing_enabled":true,"_links":{"self":[{"href":"https:\/\/manimo.si\/en\/wp-json\/wp\/v2\/pages\/11865","targetHints":{"allow":["GET"]}}],"collection":[{"href":"https:\/\/manimo.si\/en\/wp-json\/wp\/v2\/pages"}],"about":[{"href":"https:\/\/manimo.si\/en\/wp-json\/wp\/v2\/types\/page"}],"author":[{"embeddable":true,"href":"https:\/\/manimo.si\/en\/wp-json\/wp\/v2\/users\/1"}],"replies":[{"embeddable":true,"href":"https:\/\/manimo.si\/en\/wp-json\/wp\/v2\/comments?post=11865"}],"version-history":[{"count":4,"href":"https:\/\/manimo.si\/en\/wp-json\/wp\/v2\/pages\/11865\/revisions"}],"predecessor-version":[{"id":12389,"href":"https:\/\/manimo.si\/en\/wp-json\/wp\/v2\/pages\/11865\/revisions\/12389"}],"wp:featuredmedia":[{"embeddable":true,"href":"https:\/\/manimo.si\/en\/wp-json\/wp\/v2\/media\/11866"}],"wp:attachment":[{"href":"https:\/\/manimo.si\/en\/wp-json\/wp\/v2\/media?parent=11865"}],"curies":[{"name":"wp","href":"https:\/\/api.w.org\/{rel}","templated":true}]}}